{"id":274,"date":"2024-12-18T12:25:55","date_gmt":"2024-12-18T11:25:55","guid":{"rendered":"https:\/\/www.ibspan.waw.pl\/~explainme\/?page_id=274"},"modified":"2024-12-18T12:29:46","modified_gmt":"2024-12-18T11:29:46","slug":"o-projekcie","status":"publish","type":"page","link":"https:\/\/www.ibspan.waw.pl\/~explainme\/index.php\/pl\/o-projekcie\/","title":{"rendered":"O projekcie"},"content":{"rendered":"\n<p><strong>ExplainMe<\/strong>: Wyja\u015bnialna sztuczna inteligencja na rzecz monitorowania cech akustycznych g\u0142osu <br>(ang. &#8222;Explainable Artificial Intelligence for Monitoring Acoustic Features extracted from Speech&#8221;).<\/p>\n\n\n\n<h3 class=\"wp-block-heading\">Opis projektu<\/h3>\n\n\n\n<p>,,G\u0142os pacjenta wskazuje na pocz\u0105tek epizodu depresyjnego poniewa\u017c w ostatnim tygodniu tempo m\u00f3wienia uleg\u0142o spowolnieniu oraz istotnie zmieni\u0142 si\u0119 ton wypowiedzi.&#8221; Przytoczone zdanie stanowi ilustracyjny przyk\u0142ad podsumowania lingwistycznego. Podsumowania to wyra\u017cenia w j\u0119zyku naturalnym, kt\u00f3re opisuj\u0105 w spos\u00f3b przyjazny cz\u0142owiekowi (ang. human-consistent) du\u017ce zbiory danych oraz z\u0142o\u017cone procesy ich analizy. Praktyka kliniczna oraz najnowsze badania potwierdzaj\u0105, \u017ce spos\u00f3b m\u00f3wienia mo\u017ce by\u0107 sygna\u0142em zaburze\u0144 psychicznych lub nawrot\u00f3w stan\u00f3w afektywnych. Cho\u0107 w ostatnich latach nast\u0105pi\u0142 rozw\u00f3j aplikacji monitoruj\u0105cych g\u0142os, nie istnieje dot\u0105d wiarygodny system wspieraj\u0105cy monitorowanie stanu zdrowia na podstawie sposobu m\u00f3wienia. W praktyce wci\u0105\u017c potrzebne s\u0105 \u0142atwe do wykorzystania i budz\u0105ce zaufanie narz\u0119dzia, kt\u00f3re dzi\u0119ki zastosowaniu nowoczesnych technologii i sztucznej inteligencji pomog\u0105 wyja\u015bni\u0107, dlaczego stan pacjenta ulega zmianie. Projekt ExplainMe: Wyja\u015bnialna sztuczna inteligencja na rzecz monitorowania cech akustycznych g\u0142osu (ang. Explainable Artificial Intelligence for Monitoring Acoustic Features extracted from Speech) ma na celu opracowanie innowacyjnych technologii informatycznych obejmuj\u0105cych wyja\u015bnialne metody inteligencji obliczeniowej (ang. computational intelligence), kt\u00f3re dostarcz\u0105 opis\u00f3w o du\u017cych zbiorach danych. Projekt koncentruje si\u0119 na algorytmach analizy i wyja\u015bniania z\u0142o\u017conych danych medycznych i danych o postaci wielowymiarowych szereg\u00f3w. Opracowane \u0142atwe w interpretacji ziarna informacji, np. podsumowania lingwistyczne, mog\u0105 wspiera\u0107 lekarzy w diagnostyce prewencyjnej i monitorowaniu zaburze\u0144 afektywnych. ExplainMe ma dost\u0119p do dw\u00f3ch zanonimizowanych zbior\u00f3w danych rzeczywistych i zak\u0142ada przeprowadzenie dw\u00f3ch pilota\u017cowych wdro\u017ce\u0144 opracowanej technologii w obszarze medycyny.<\/p>\n","protected":false},"excerpt":{"rendered":"<p>ExplainMe: Wyja\u015bnialna sztuczna inteligencja na rzecz monitorowania cech akustycznych g\u0142osu (ang. &#8222;Explainable Artificial Intelligence for Monitoring Acoustic Features extracted from Speech&#8221;). Opis projektu ,,G\u0142os pacjenta wskazuje na pocz\u0105tek epizodu depresyjnego poniewa\u017c w ostatnim tygodniu tempo m\u00f3wienia uleg\u0142o spowolnieniu oraz istotnie zmieni\u0142 si\u0119 ton wypowiedzi.&#8221; Przytoczone zdanie stanowi ilustracyjny przyk\u0142ad podsumowania lingwistycznego. Podsumowania to wyra\u017cenia w&#8230;<\/p>\n","protected":false},"author":1,"featured_media":278,"parent":0,"menu_order":0,"comment_status":"closed","ping_status":"closed","template":"","meta":{"_kadence_starter_templates_imported_post":false,"_kad_post_transparent":"","_kad_post_title":"","_kad_post_layout":"","_kad_post_sidebar_id":"","_kad_post_content_style":"","_kad_post_vertical_padding":"","_kad_post_feature":"","_kad_post_feature_position":"","_kad_post_header":false,"_kad_post_footer":false,"footnotes":""},"class_list":["post-274","page","type-page","status-publish","has-post-thumbnail","hentry"],"_links":{"self":[{"href":"https:\/\/www.ibspan.waw.pl\/~explainme\/index.php\/wp-json\/wp\/v2\/pages\/274","targetHints":{"allow":["GET"]}}],"collection":[{"href":"https:\/\/www.ibspan.waw.pl\/~explainme\/index.php\/wp-json\/wp\/v2\/pages"}],"about":[{"href":"https:\/\/www.ibspan.waw.pl\/~explainme\/index.php\/wp-json\/wp\/v2\/types\/page"}],"author":[{"embeddable":true,"href":"https:\/\/www.ibspan.waw.pl\/~explainme\/index.php\/wp-json\/wp\/v2\/users\/1"}],"replies":[{"embeddable":true,"href":"https:\/\/www.ibspan.waw.pl\/~explainme\/index.php\/wp-json\/wp\/v2\/comments?post=274"}],"version-history":[{"count":1,"href":"https:\/\/www.ibspan.waw.pl\/~explainme\/index.php\/wp-json\/wp\/v2\/pages\/274\/revisions"}],"predecessor-version":[{"id":275,"href":"https:\/\/www.ibspan.waw.pl\/~explainme\/index.php\/wp-json\/wp\/v2\/pages\/274\/revisions\/275"}],"wp:featuredmedia":[{"embeddable":true,"href":"https:\/\/www.ibspan.waw.pl\/~explainme\/index.php\/wp-json\/wp\/v2\/media\/278"}],"wp:attachment":[{"href":"https:\/\/www.ibspan.waw.pl\/~explainme\/index.php\/wp-json\/wp\/v2\/media?parent=274"}],"curies":[{"name":"wp","href":"https:\/\/api.w.org\/{rel}","templated":true}]}}